{"id":759,"date":"2025-02-18T11:51:53","date_gmt":"2025-02-18T09:51:53","guid":{"rendered":"https:\/\/www.citypro.lv\/?page_id=759"},"modified":"2025-09-30T12:11:11","modified_gmt":"2025-09-30T09:11:11","slug":"jaunumi","status":"publish","type":"page","link":"https:\/\/www.citypro.lv\/en\/jaunumi\/","title":{"rendered":"News"},"content":{"rendered":"<div data-elementor-type=\"wp-page\" data-elementor-id=\"759\" class=\"elementor elementor-759\" data-elementor-post-type=\"page\">\n\t\t\t\t<div class=\"elementor-element elementor-element-5ae9089 e-flex e-con-boxed elementor-invisible e-con e-parent\" data-id=\"5ae9089\" data-element_type=\"container\" data-e-type=\"container\" data-settings=\"{&quot;background_background&quot;:&quot;classic&quot;,&quot;animation&quot;:&quot;fadeIn&quot;}\">\n\t\t\t\t\t<div class=\"e-con-inner\">\n\t\t\t\t<div class=\"elementor-element elementor-element-eff1da7 elementor-widget elementor-widget-heading\" data-id=\"eff1da7\" data-element_type=\"widget\" data-e-type=\"widget\" data-widget_type=\"heading.default\">\n\t\t\t\t<div class=\"elementor-widget-container\">\n\t\t\t\t\t<h1 class=\"elementor-heading-title elementor-size-default\">News<\/h1>\t\t\t\t<\/div>\n\t\t\t\t<\/div>\n\t\t\t\t\t<\/div>\n\t\t\t\t<\/div>\n\t\t<div class=\"elementor-element elementor-element-a2804e9 e-flex e-con-boxed elementor-invisible e-con e-parent\" data-id=\"a2804e9\" data-element_type=\"container\" data-e-type=\"container\" data-settings=\"{&quot;animation&quot;:&quot;fadeInUp&quot;}\">\n\t\t\t\t\t<div class=\"e-con-inner\">\n\t\t\t\t<div class=\"elementor-element elementor-element-821e813 elementor-widget elementor-widget-ucaddon_post_grid\" data-id=\"821e813\" data-element_type=\"widget\" data-e-type=\"widget\" data-widget_type=\"ucaddon_post_grid.default\">\n\t\t\t\t<div class=\"elementor-widget-container\">\n\t\t\t\t\t\n<!-- start Post Grid -->\n\t\t<link id='font-awesome-css' href='https:\/\/www.citypro.lv\/wp-content\/plugins\/unlimited-elements-for-elementor-premium\/assets_libraries\/font-awesome6\/fontawesome-all.min.css' type='text\/css' rel='stylesheet' >\n\t\t<link id='font-awesome-4-shim-css' href='https:\/\/www.citypro.lv\/wp-content\/plugins\/unlimited-elements-for-elementor-premium\/assets_libraries\/font-awesome6\/fontawesome-v4-shims.min.css' type='text\/css' rel='stylesheet' >\n\n<style>\/* widget: Post Grid *\/\n\n\n\n#uc_post_grid_elementor_821e813{\n  min-height: 1px;\n}\n\n#uc_post_grid_elementor_821e813.uc_post_grid_style_one .uc_post_grid_style_one_wrap {\n   display:grid;\n}\n\n\n#uc_post_grid_elementor_821e813 .uc_post_grid_style_one_item{\n  position:relative;\n}\n\n#uc_post_grid_elementor_821e813 .uc_post_image{\n  transition:0.3s;\n  position:relative;\n  overflow:hidden;\n}\n\n#uc_post_grid_elementor_821e813 .uc_post_image img{\n  width:100%;\n  display:block;\n  transition:0.3s;\n}\n\n\t\n\n#uc_post_grid_elementor_821e813 .uc_post_image_overlay{\n  position:absolute;\n  top:0px;\n  left:0px;\n  height:100%;\n  width:100%;\n  transition:0.3s;\n}\n\n#uc_post_grid_elementor_821e813 .uc_more_btn-custom-field{\n  display:inline-block;\n  text-align:center;\n  text-decoration:none;\n  transition:0.3s;\n}\n\n#uc_post_grid_elementor_821e813 .uc_more_btn{\n  display:inline-block;\n  text-align:center;\n  text-decoration:none;\n  transition:0.3s;\n}\n\n.ue-grid-item-category a{\n  display:inline-block;\n  font-size:10px;\n  position: relative;\n  z-index: 1;\n}\n\n\n.uc_post_title{\n  font-size:21px;\n}\n\n\n\n  #uc_post_grid_elementor_821e813 .ue_post_grid_item{\n    display:flex;\n    flex-direction:column;\n  }\n\n  #uc_post_grid_elementor_821e813.uc_post_grid_style_one .uc_content{\n   flex-grow:1;\n  }\n\n  #uc_post_grid_elementor_821e813.uc_post_grid_style_one .uc_content > div{\n    height:100%;\n    display:flex;\n    flex-direction:column;\n    justify-content: space-between;  }\n\n    #uc_post_grid_elementor_821e813 .uc_post_button   {\n     margin-top:auto;\n   }\n  \n\n\n\n\n\n\n\n\n\n\n\n\n#uc_post_grid_elementor_821e813 .ue-meta-data{  \n  display:flex !important;\n  flex-wrap: wrap;\n  line-height:1em;\n}\n\n#uc_post_grid_elementor_821e813 .ue-grid-item-meta-data{\n  display:inline-flex;\n  align-items:center;\n}\n\n#uc_post_grid_elementor_821e813 .ue-grid-item-meta-data a{\n  color:inherit;\n}\n\n.ue-grid-item-meta-data{\n  font-size:12px;\n}\n\n#uc_post_grid_elementor_821e813 .ue-grid-item-meta-data-icon{\n  line-height:1em;\n}\n\n#uc_post_grid_elementor_821e813 .ue-grid-item-meta-data-icon svg{\n  width:1em;\n  height:1em;\n}\n\n#uc_post_grid_elementor_821e813 .ue-debug-meta{\n  padding:10px;\n  border:1px solid red;\n  position:relative;\n  line-height:1.5em;\n  font-size:11px;\n  width:100%;\n}\n\n#uc_post_grid_elementor_821e813 .uc_btn_inner{\n  display:inline-flex;\n  align-items:center;\n  pointer-events:none;\n}\n\n#uc_post_grid_elementor_821e813 .uc_btn_inner svg{\n  width:1em;\n  height:1em;\n}\n#uc_post_grid_elementor_821e813 .ue_p_title{\n  pointer-events:none;\n}\n\n\n#uc_post_grid_elementor_821e813 .uc_content_inner{\n  width: 100%;\n}\n\n\n#uc_post_grid_elementor_821e813_item1 [href=\"javascript:void(0)\"]{\n  cursor: unset;\n}\n\n\n<\/style>\n\n<div class=\"uc_post_grid_style_one\" id=\"uc_post_grid_elementor_821e813\"  >\n\t\t<div class=\"uc_post_grid_style_one_wrap ue_post_grid uc-items-wrapper\">\n\t\t\t\n\n\n\n<div id=\"uc_post_grid_elementor_821e813_item1\" class=\"uc_post_grid_style_one_item ue_post_grid_item ue-item\">\n  \n      <a class=\"uc_post_grid_style_one_image\" href='https:\/\/www.citypro.lv\/en\/aktualas-tendences-komerctelpu-izbuve-fit-out\/' target=\"_self\">\n     <div class=\"uc_post_image\">\n       <img fetchpriority=\"high\" decoding=\"async\" src=\"https:\/\/www.citypro.lv\/wp-content\/uploads\/2025\/03\/Jaunumi-hero-768x432.jpg\"  alt=\"Jaunumi-hero\" width=\"768\" height=\"432\">\n       <div class=\"uc_post_image_overlay\"><\/div>\n     <\/div>\n    <\/a>\n   \n  <div class=\"uc_content\">\n    <div class=\"uc_content_inner\">\n      <div class=\"uc_content-info-wrapper\" >\n        \n       \n              \n\n            \t\t\t<div class=\"uc_post_title\"><a class=\"\" href='https:\/\/www.citypro.lv\/en\/aktualas-tendences-komerctelpu-izbuve-fit-out\/' target=\"_self\"><div class=\"ue_p_title\">Current trends in commercial space (fit-out)<\/div><\/a><\/div>\n      \t\n                      \n       \n        <div class=\"ue-meta-data\">\n            \n                \t    \n                \n        \n\t\n                \n                \n                \n                \n    \t\t\t\n      \n            \n  <\/div>\t\n      \t<div class=\"uc_post_text\">Komerctelpu izb\u016bves nozare nep\u0101rtraukti att\u012bst\u0101s, ko ietekm\u0113 darba vides p\u0101rmai\u0146as, ilgtsp\u0113j\u012bba un tehnolo\u0123iju...<\/div>\n     \n                 \n                            \n                                  \n     <\/div>                      \n           <div class=\"uc_post_button\">\n        \n        <a class=\"uc_more_btn\" target=\"_blank\" href='https:\/\/www.citypro.lv\/en\/aktualas-tendences-komerctelpu-izbuve-fit-out\/'>\n          <div class=\"uc_btn_inner\">\n            <div class=\"uc_btn_txt\">Las\u012bt vair\u0101k<\/div>\n                      <\/div>\n      \t<\/a>\n        \n                \n      <\/div>                           \n \t<\/div>  <\/div>      \n        \n<\/div>\n\n\t\t<\/div>\n\t<\/div>\n\n\n\n  <div id=\"uc_post_grid_elementor_821e813_empty_message\" class=\"ue-no-posts-found\"  style=\"display:none\" >No posts found<\/div>\n\n\n<!-- end Post Grid -->\t\t\t\t<\/div>\n\t\t\t\t<\/div>\n\t\t\t\t\t<\/div>\n\t\t\t\t<\/div>\n\t\t\t\t<\/div>","protected":false},"excerpt":{"rendered":"<p>Jaunumi Aktu\u0101l\u0101s tendences komerctelpu izb\u016bv\u0113 (Fit-out) Komerctelpu izb\u016bves nozare nep\u0101rtraukti att\u012bst\u0101s, ko ietekm\u0113 darba vides p\u0101rmai\u0146as, ilgtsp\u0113j\u012bba un tehnolo\u0123iju&#8230; Las\u012bt vair\u0101k No posts found<\/p>","protected":false},"author":1,"featured_media":0,"parent":0,"menu_order":0,"comment_status":"closed","ping_status":"closed","template":"","meta":{"footnotes":""},"class_list":["post-759","page","type-page","status-publish","hentry"],"yoast_head":"<!-- This site is optimized with the Yoast SEO Premium plugin v23.2 (Yoast SEO v27.1.1) - https:\/\/yoast.com\/product\/yoast-seo-premium-wordpress\/ -->\n<title>Jaunumi<\/title>\n<meta name=\"description\" content=\"CITYPRO pied\u0101v\u0101 pilna servisa risin\u0101jumus komerci\u0101lo \u0113ku uztur\u0113\u0161anai, nodro\u0161inot in\u017eeniertehnisko sist\u0113mu apkalpo\u0161anu, remontu un uzst\u0101d\u012b\u0161anu.\" \/>\n<meta name=\"robots\" content=\"index, follow, max-snippet:-1, max-image-preview:large, max-video-preview:-1\" \/>\n<link rel=\"canonical\" href=\"https:\/\/www.citypro.lv\/en\/jaunumi\/\" \/>\n<meta property=\"og:locale\" content=\"en_GB\" \/>\n<meta property=\"og:type\" content=\"article\" \/>\n<meta property=\"og:title\" content=\"Jaunumi\" \/>\n<meta property=\"og:description\" content=\"CITYPRO pied\u0101v\u0101 pilna servisa risin\u0101jumus komerci\u0101lo \u0113ku uztur\u0113\u0161anai, nodro\u0161inot in\u017eeniertehnisko sist\u0113mu apkalpo\u0161anu, remontu un uzst\u0101d\u012b\u0161anu.\" \/>\n<meta property=\"og:url\" content=\"https:\/\/www.citypro.lv\/en\/jaunumi\/\" \/>\n<meta property=\"og:site_name\" content=\"CITYPRO\" \/>\n<meta property=\"article:modified_time\" content=\"2025-09-30T09:11:11+00:00\" \/>\n<meta property=\"og:image\" content=\"https:\/\/www.citypro.lv\/wp-content\/uploads\/2025\/03\/Jaunumi-hero-768x432.jpg\" \/>\n<meta name=\"twitter:card\" content=\"summary_large_image\" \/>\n<meta name=\"twitter:label1\" content=\"Estimated reading time\" \/>\n\t<meta name=\"twitter:data1\" content=\"1 minute\" \/>\n<script type=\"application\/ld+json\" class=\"yoast-schema-graph\">{\"@context\":\"https:\/\/schema.org\",\"@graph\":[{\"@type\":\"WebPage\",\"@id\":\"https:\/\/www.citypro.lv\/jaunumi\/\",\"url\":\"https:\/\/www.citypro.lv\/jaunumi\/\",\"name\":\"Jaunumi\",\"isPartOf\":{\"@id\":\"https:\/\/www.citypro.lv\/#website\"},\"primaryImageOfPage\":{\"@id\":\"https:\/\/www.citypro.lv\/jaunumi\/#primaryimage\"},\"image\":{\"@id\":\"https:\/\/www.citypro.lv\/jaunumi\/#primaryimage\"},\"thumbnailUrl\":\"https:\/\/www.citypro.lv\/wp-content\/uploads\/2025\/03\/Jaunumi-hero-768x432.jpg\",\"datePublished\":\"2025-02-18T09:51:53+00:00\",\"dateModified\":\"2025-09-30T09:11:11+00:00\",\"description\":\"CITYPRO pied\u0101v\u0101 pilna servisa risin\u0101jumus komerci\u0101lo \u0113ku uztur\u0113\u0161anai, nodro\u0161inot in\u017eeniertehnisko sist\u0113mu apkalpo\u0161anu, remontu un uzst\u0101d\u012b\u0161anu.\",\"breadcrumb\":{\"@id\":\"https:\/\/www.citypro.lv\/jaunumi\/#breadcrumb\"},\"inLanguage\":\"en-GB\",\"potentialAction\":[{\"@type\":\"ReadAction\",\"target\":[\"https:\/\/www.citypro.lv\/jaunumi\/\"]}]},{\"@type\":\"ImageObject\",\"inLanguage\":\"en-GB\",\"@id\":\"https:\/\/www.citypro.lv\/jaunumi\/#primaryimage\",\"url\":\"https:\/\/www.citypro.lv\/wp-content\/uploads\/2025\/03\/Jaunumi-hero-768x432.jpg\",\"contentUrl\":\"https:\/\/www.citypro.lv\/wp-content\/uploads\/2025\/03\/Jaunumi-hero-768x432.jpg\"},{\"@type\":\"BreadcrumbList\",\"@id\":\"https:\/\/www.citypro.lv\/jaunumi\/#breadcrumb\",\"itemListElement\":[{\"@type\":\"ListItem\",\"position\":1,\"name\":\"Home\",\"item\":\"https:\/\/www.citypro.lv\/\"},{\"@type\":\"ListItem\",\"position\":2,\"name\":\"Jaunumi\"}]},{\"@type\":\"WebSite\",\"@id\":\"https:\/\/www.citypro.lv\/#website\",\"url\":\"https:\/\/www.citypro.lv\/\",\"name\":\"CITYPRO\",\"description\":\"Fit-Out &amp; Property Solutions\",\"publisher\":{\"@id\":\"https:\/\/www.citypro.lv\/#organization\"},\"potentialAction\":[{\"@type\":\"SearchAction\",\"target\":{\"@type\":\"EntryPoint\",\"urlTemplate\":\"https:\/\/www.citypro.lv\/?s={search_term_string}\"},\"query-input\":{\"@type\":\"PropertyValueSpecification\",\"valueRequired\":true,\"valueName\":\"search_term_string\"}}],\"inLanguage\":\"en-GB\"},{\"@type\":\"Organization\",\"@id\":\"https:\/\/www.citypro.lv\/#organization\",\"name\":\"CityPro\",\"url\":\"https:\/\/www.citypro.lv\/\",\"logo\":{\"@type\":\"ImageObject\",\"inLanguage\":\"en-GB\",\"@id\":\"https:\/\/www.citypro.lv\/#\/schema\/logo\/image\/\",\"url\":\"https:\/\/www.citypro.lv\/wp-content\/uploads\/2025\/01\/citypro-logo-e1739870912380.png\",\"contentUrl\":\"https:\/\/www.citypro.lv\/wp-content\/uploads\/2025\/01\/citypro-logo-e1739870912380.png\",\"width\":415,\"height\":314,\"caption\":\"CityPro\"},\"image\":{\"@id\":\"https:\/\/www.citypro.lv\/#\/schema\/logo\/image\/\"},\"description\":\"CityPro pied\u0101v\u0101 pilna servisa risin\u0101jumus komerci\u0101lo \u0113ku uztur\u0113\u0161anai, nodro\u0161inot in\u017eeniertehnisko sist\u0113mu apkalpo\u0161anu, remontu un uzst\u0101d\u012b\u0161anu. M\u0113s realiz\u0113jam ar\u012b FIT-OUT projektus, piel\u0101gojot telpas klientu vajadz\u012bb\u0101m un radot funkcion\u0101lus, energoefekt\u012bvus risin\u0101jumus.\"}]}<\/script>\n<!-- \/ Yoast SEO Premium plugin. -->","yoast_head_json":{"title":"Jaunumi","description":"CITYPRO pied\u0101v\u0101 pilna servisa risin\u0101jumus komerci\u0101lo \u0113ku uztur\u0113\u0161anai, nodro\u0161inot in\u017eeniertehnisko sist\u0113mu apkalpo\u0161anu, remontu un uzst\u0101d\u012b\u0161anu.","robots":{"index":"index","follow":"follow","max-snippet":"max-snippet:-1","max-image-preview":"max-image-preview:large","max-video-preview":"max-video-preview:-1"},"canonical":"https:\/\/www.citypro.lv\/en\/jaunumi\/","og_locale":"en_GB","og_type":"article","og_title":"Jaunumi","og_description":"CITYPRO pied\u0101v\u0101 pilna servisa risin\u0101jumus komerci\u0101lo \u0113ku uztur\u0113\u0161anai, nodro\u0161inot in\u017eeniertehnisko sist\u0113mu apkalpo\u0161anu, remontu un uzst\u0101d\u012b\u0161anu.","og_url":"https:\/\/www.citypro.lv\/en\/jaunumi\/","og_site_name":"CITYPRO","article_modified_time":"2025-09-30T09:11:11+00:00","og_image":[{"url":"https:\/\/www.citypro.lv\/wp-content\/uploads\/2025\/03\/Jaunumi-hero-768x432.jpg","type":"","width":"","height":""}],"twitter_card":"summary_large_image","twitter_misc":{"Estimated reading time":"1 minute"},"schema":{"@context":"https:\/\/schema.org","@graph":[{"@type":"WebPage","@id":"https:\/\/www.citypro.lv\/jaunumi\/","url":"https:\/\/www.citypro.lv\/jaunumi\/","name":"Jaunumi","isPartOf":{"@id":"https:\/\/www.citypro.lv\/#website"},"primaryImageOfPage":{"@id":"https:\/\/www.citypro.lv\/jaunumi\/#primaryimage"},"image":{"@id":"https:\/\/www.citypro.lv\/jaunumi\/#primaryimage"},"thumbnailUrl":"https:\/\/www.citypro.lv\/wp-content\/uploads\/2025\/03\/Jaunumi-hero-768x432.jpg","datePublished":"2025-02-18T09:51:53+00:00","dateModified":"2025-09-30T09:11:11+00:00","description":"CITYPRO pied\u0101v\u0101 pilna servisa risin\u0101jumus komerci\u0101lo \u0113ku uztur\u0113\u0161anai, nodro\u0161inot in\u017eeniertehnisko sist\u0113mu apkalpo\u0161anu, remontu un uzst\u0101d\u012b\u0161anu.","breadcrumb":{"@id":"https:\/\/www.citypro.lv\/jaunumi\/#breadcrumb"},"inLanguage":"en-GB","potentialAction":[{"@type":"ReadAction","target":["https:\/\/www.citypro.lv\/jaunumi\/"]}]},{"@type":"ImageObject","inLanguage":"en-GB","@id":"https:\/\/www.citypro.lv\/jaunumi\/#primaryimage","url":"https:\/\/www.citypro.lv\/wp-content\/uploads\/2025\/03\/Jaunumi-hero-768x432.jpg","contentUrl":"https:\/\/www.citypro.lv\/wp-content\/uploads\/2025\/03\/Jaunumi-hero-768x432.jpg"},{"@type":"BreadcrumbList","@id":"https:\/\/www.citypro.lv\/jaunumi\/#breadcrumb","itemListElement":[{"@type":"ListItem","position":1,"name":"Home","item":"https:\/\/www.citypro.lv\/"},{"@type":"ListItem","position":2,"name":"Jaunumi"}]},{"@type":"WebSite","@id":"https:\/\/www.citypro.lv\/#website","url":"https:\/\/www.citypro.lv\/","name":"CITYPRO","description":"Fit-Out &amp; Property Solutions","publisher":{"@id":"https:\/\/www.citypro.lv\/#organization"},"potentialAction":[{"@type":"SearchAction","target":{"@type":"EntryPoint","urlTemplate":"https:\/\/www.citypro.lv\/?s={search_term_string}"},"query-input":{"@type":"PropertyValueSpecification","valueRequired":true,"valueName":"search_term_string"}}],"inLanguage":"en-GB"},{"@type":"Organization","@id":"https:\/\/www.citypro.lv\/#organization","name":"CityPro","url":"https:\/\/www.citypro.lv\/","logo":{"@type":"ImageObject","inLanguage":"en-GB","@id":"https:\/\/www.citypro.lv\/#\/schema\/logo\/image\/","url":"https:\/\/www.citypro.lv\/wp-content\/uploads\/2025\/01\/citypro-logo-e1739870912380.png","contentUrl":"https:\/\/www.citypro.lv\/wp-content\/uploads\/2025\/01\/citypro-logo-e1739870912380.png","width":415,"height":314,"caption":"CityPro"},"image":{"@id":"https:\/\/www.citypro.lv\/#\/schema\/logo\/image\/"},"description":"CityPro pied\u0101v\u0101 pilna servisa risin\u0101jumus komerci\u0101lo \u0113ku uztur\u0113\u0161anai, nodro\u0161inot in\u017eeniertehnisko sist\u0113mu apkalpo\u0161anu, remontu un uzst\u0101d\u012b\u0161anu. M\u0113s realiz\u0113jam ar\u012b FIT-OUT projektus, piel\u0101gojot telpas klientu vajadz\u012bb\u0101m un radot funkcion\u0101lus, energoefekt\u012bvus risin\u0101jumus."}]}},"_links":{"self":[{"href":"https:\/\/www.citypro.lv\/en\/wp-json\/wp\/v2\/pages\/759","targetHints":{"allow":["GET"]}}],"collection":[{"href":"https:\/\/www.citypro.lv\/en\/wp-json\/wp\/v2\/pages"}],"about":[{"href":"https:\/\/www.citypro.lv\/en\/wp-json\/wp\/v2\/types\/page"}],"author":[{"embeddable":true,"href":"https:\/\/www.citypro.lv\/en\/wp-json\/wp\/v2\/users\/1"}],"replies":[{"embeddable":true,"href":"https:\/\/www.citypro.lv\/en\/wp-json\/wp\/v2\/comments?post=759"}],"version-history":[{"count":0,"href":"https:\/\/www.citypro.lv\/en\/wp-json\/wp\/v2\/pages\/759\/revisions"}],"wp:attachment":[{"href":"https:\/\/www.citypro.lv\/en\/wp-json\/wp\/v2\/media?parent=759"}],"curies":[{"name":"wp","href":"https:\/\/api.w.org\/{rel}","templated":true}]}}