{"id":426,"date":"2025-01-13T03:19:45","date_gmt":"2025-01-13T01:19:45","guid":{"rendered":"https:\/\/www.citypro.lv\/?page_id=426"},"modified":"2026-04-01T18:59:26","modified_gmt":"2026-04-01T15:59:26","slug":"pakalpojumi","status":"publish","type":"page","link":"https:\/\/www.citypro.lv\/en\/pakalpojumi\/","title":{"rendered":"Services"},"content":{"rendered":"<div data-elementor-type=\"wp-page\" data-elementor-id=\"426\" class=\"elementor elementor-426\" data-elementor-post-type=\"page\">\n\t\t\t\t<div class=\"elementor-element elementor-element-f39ab5a e-flex e-con-boxed elementor-invisible e-con e-parent\" data-id=\"f39ab5a\" data-element_type=\"container\" data-e-type=\"container\" data-settings=\"{&quot;background_background&quot;:&quot;classic&quot;,&quot;animation&quot;:&quot;fadeIn&quot;}\">\n\t\t\t\t\t<div class=\"e-con-inner\">\n\t\t\t\t<div class=\"elementor-element elementor-element-6e09804 elementor-widget elementor-widget-heading\" data-id=\"6e09804\" data-element_type=\"widget\" data-e-type=\"widget\" data-widget_type=\"heading.default\">\n\t\t\t\t<div class=\"elementor-widget-container\">\n\t\t\t\t\t<h1 class=\"elementor-heading-title elementor-size-default\">CityPro services<\/h1>\t\t\t\t<\/div>\n\t\t\t\t<\/div>\n\t\t\t\t\t<\/div>\n\t\t\t\t<\/div>\n\t\t<div class=\"elementor-element elementor-element-3e3f4a3 e-flex e-con-boxed e-con e-parent\" data-id=\"3e3f4a3\" data-element_type=\"container\" data-e-type=\"container\">\n\t\t\t\t\t<div class=\"e-con-inner\">\n\t\t<div class=\"elementor-element elementor-element-e9d8b13 e-con-full e-flex elementor-invisible e-con e-child\" data-id=\"e9d8b13\" data-element_type=\"container\" data-e-type=\"container\" data-settings=\"{&quot;animation&quot;:&quot;fadeIn&quot;}\">\n\t\t\t\t<div class=\"elementor-element elementor-element-d967ee1 elementor-widget elementor-widget-heading\" data-id=\"d967ee1\" data-element_type=\"widget\" data-e-type=\"widget\" data-widget_type=\"heading.default\">\n\t\t\t\t<div class=\"elementor-widget-container\">\n\t\t\t\t\t<h2 class=\"elementor-heading-title elementor-size-default\">Services offered by CityPro<\/h2>\t\t\t\t<\/div>\n\t\t\t\t<\/div>\n\t\t\t\t<div class=\"elementor-element elementor-element-a586352 elementor-widget-tablet__width-initial elementor-widget elementor-widget-text-editor\" data-id=\"a586352\" data-element_type=\"widget\" data-e-type=\"widget\" data-widget_type=\"text-editor.default\">\n\t\t\t\t<div class=\"elementor-widget-container\">\n\t\t\t\t\t\t\t\t\t<p>CityPro offers professional building maintenance and modernization solutions, providing high-quality service for various types of commercial and industrial properties. Our goal is to create efficient, sustainable, and safe building operation opportunities by adapting to each client\u2019s individual needs and delivering comprehensive management.<\/p>\t\t\t\t\t\t\t\t<\/div>\n\t\t\t\t<\/div>\n\t\t\t\t<div class=\"elementor-element elementor-element-39d96ce elementor-widget elementor-widget-heading\" data-id=\"39d96ce\" data-element_type=\"widget\" data-e-type=\"widget\" data-widget_type=\"heading.default\">\n\t\t\t\t<div class=\"elementor-widget-container\">\n\t\t\t\t\t<h2 class=\"elementor-heading-title elementor-size-default\">Ar CITYPRO J\u016bs ieg\u016bstat uzticamu partneri, kas r\u016bp\u0113jas par J\u016bsu \u0113ku efektivit\u0101ti, funkcionalit\u0101ti un ilgtsp\u0113j\u012bbu!<\/h2>\t\t\t\t<\/div>\n\t\t\t\t<\/div>\n\t\t\t\t<\/div>\n\t\t\t\t\t<\/div>\n\t\t\t\t<\/div>\n\t\t<div class=\"elementor-element elementor-element-e6195b9 e-flex e-con-boxed elementor-invisible e-con e-parent\" data-id=\"e6195b9\" data-element_type=\"container\" data-e-type=\"container\" data-settings=\"{&quot;animation&quot;:&quot;fadeInUp&quot;}\">\n\t\t\t\t\t<div class=\"e-con-inner\">\n\t\t<div class=\"elementor-element elementor-element-7cf192f e-con-full e-flex e-con e-child\" data-id=\"7cf192f\" data-element_type=\"container\" data-e-type=\"container\">\n\t\t<div class=\"elementor-element elementor-element-3947b34 e-con-full e-flex e-con e-child\" data-id=\"3947b34\" data-element_type=\"container\" data-e-type=\"container\" data-settings=\"{&quot;background_background&quot;:&quot;classic&quot;}\">\n\t\t\t\t<div class=\"elementor-element elementor-element-b716dbe elementor-view-default elementor-widget elementor-widget-icon\" data-id=\"b716dbe\" data-element_type=\"widget\" data-e-type=\"widget\" data-widget_type=\"icon.default\">\n\t\t\t\t<div class=\"elementor-widget-container\">\n\t\t\t\t\t\t\t<div class=\"elementor-icon-wrapper\">\n\t\t\t<div class=\"elementor-icon\">\n\t\t\t<svg aria-hidden=\"true\" class=\"e-font-icon-svg e-far-window-minimize\" viewbox=\"0 0 512 512\" xmlns=\"http:\/\/www.w3.org\/2000\/svg\"><path d=\"M480 480H32c-17.7 0-32-14.3-32-32s14.3-32 32-32h448c17.7 0 32 14.3 32 32s-14.3 32-32 32z\"><\/path><\/svg>\t\t\t<\/div>\n\t\t<\/div>\n\t\t\t\t\t\t<\/div>\n\t\t\t\t<\/div>\n\t\t\t\t<div class=\"elementor-element elementor-element-ecf7b2c elementor-widget elementor-widget-heading\" data-id=\"ecf7b2c\" data-element_type=\"widget\" data-e-type=\"widget\" data-widget_type=\"heading.default\">\n\t\t\t\t<div class=\"elementor-widget-container\">\n\t\t\t\t\t<h2 class=\"elementor-heading-title elementor-size-default\"><a href=\"https:\/\/www.citypro.lv\/en\/komercipasumu-parvaldiba-un-nomas-attistiba\/\">Komerc\u012bpa\u0161umu p\u0101rvald\u012bba un nomas att\u012bst\u012bba<\/a><\/h2>\t\t\t\t<\/div>\n\t\t\t\t<\/div>\n\t\t\t\t<\/div>\n\t\t<div class=\"elementor-element elementor-element-827a0db e-con-full e-flex e-con e-child\" data-id=\"827a0db\" data-element_type=\"container\" data-e-type=\"container\" data-settings=\"{&quot;background_background&quot;:&quot;classic&quot;}\">\n\t\t\t\t<div class=\"elementor-element elementor-element-a4d8999 elementor-view-default elementor-widget elementor-widget-icon\" data-id=\"a4d8999\" data-element_type=\"widget\" data-e-type=\"widget\" data-widget_type=\"icon.default\">\n\t\t\t\t<div class=\"elementor-widget-container\">\n\t\t\t\t\t\t\t<div class=\"elementor-icon-wrapper\">\n\t\t\t<div class=\"elementor-icon\">\n\t\t\t<svg aria-hidden=\"true\" class=\"e-font-icon-svg e-far-window-minimize\" viewbox=\"0 0 512 512\" xmlns=\"http:\/\/www.w3.org\/2000\/svg\"><path d=\"M480 480H32c-17.7 0-32-14.3-32-32s14.3-32 32-32h448c17.7 0 32 14.3 32 32s-14.3 32-32 32z\"><\/path><\/svg>\t\t\t<\/div>\n\t\t<\/div>\n\t\t\t\t\t\t<\/div>\n\t\t\t\t<\/div>\n\t\t\t\t<div class=\"elementor-element elementor-element-832cdb4 elementor-widget elementor-widget-heading\" data-id=\"832cdb4\" data-element_type=\"widget\" data-e-type=\"widget\" data-widget_type=\"heading.default\">\n\t\t\t\t<div class=\"elementor-widget-container\">\n\t\t\t\t\t<h2 class=\"elementor-heading-title elementor-size-default\"><a href=\"https:\/\/www.citypro.lv\/en\/fit-out-project-management\/\">Fit-Out &amp; Project Management<\/a><\/h2>\t\t\t\t<\/div>\n\t\t\t\t<\/div>\n\t\t\t\t<\/div>\n\t\t<div class=\"elementor-element elementor-element-e5a32a2 e-con-full e-flex e-con e-child\" data-id=\"e5a32a2\" data-element_type=\"container\" data-e-type=\"container\" data-settings=\"{&quot;background_background&quot;:&quot;classic&quot;}\">\n\t\t\t\t<div class=\"elementor-element elementor-element-eb74aef elementor-view-default elementor-widget elementor-widget-icon\" data-id=\"eb74aef\" data-element_type=\"widget\" data-e-type=\"widget\" data-widget_type=\"icon.default\">\n\t\t\t\t<div class=\"elementor-widget-container\">\n\t\t\t\t\t\t\t<div class=\"elementor-icon-wrapper\">\n\t\t\t<div class=\"elementor-icon\">\n\t\t\t<svg aria-hidden=\"true\" class=\"e-font-icon-svg e-far-window-minimize\" viewbox=\"0 0 512 512\" xmlns=\"http:\/\/www.w3.org\/2000\/svg\"><path d=\"M480 480H32c-17.7 0-32-14.3-32-32s14.3-32 32-32h448c17.7 0 32 14.3 32 32s-14.3 32-32 32z\"><\/path><\/svg>\t\t\t<\/div>\n\t\t<\/div>\n\t\t\t\t\t\t<\/div>\n\t\t\t\t<\/div>\n\t\t\t\t<div class=\"elementor-element elementor-element-7d3f70e elementor-widget elementor-widget-heading\" data-id=\"7d3f70e\" data-element_type=\"widget\" data-e-type=\"widget\" data-widget_type=\"heading.default\">\n\t\t\t\t<div class=\"elementor-widget-container\">\n\t\t\t\t\t<h2 class=\"elementor-heading-title elementor-size-default\"><a href=\"https:\/\/www.citypro.lv\/en\/tehniska-uzturesana-un-apkalposana\/\">Technical maintenance and servicing<\/a><\/h2>\t\t\t\t<\/div>\n\t\t\t\t<\/div>\n\t\t\t\t<\/div>\n\t\t\t\t<\/div>\n\t\t\t\t\t<\/div>\n\t\t\t\t<\/div>\n\t\t\t\t<\/div>","protected":false},"excerpt":{"rendered":"<p>CityPro pakalpojumi CityPro pied\u0101vatie pakalpojumi CityPro pied\u0101v\u0101 profesion\u0101lus \u0113ku uztur\u0113\u0161anas un moderniz\u0101cijas risin\u0101jumus, nodro\u0161inot augstas kvalit\u0101tes servisu da\u017e\u0101da veida komerci\u0101lajiem un industri\u0101lajiem objektiem. M\u016bsu m\u0113r\u0137is ir rad\u012bt efekt\u012bvas, ilgtsp\u0113j\u012bgas un dro\u0161as \u0113ku ekspluat\u0101cijas iesp\u0113jas, piel\u0101gojoties klientu individu\u0101laj\u0101m vajadz\u012bb\u0101m un nodro\u0161inot visaptvero\u0161u p\u0101rvald\u012bbu. Ar CITYPRO J\u016bs ieg\u016bstat uzticamu partneri, kas r\u016bp\u0113jas par J\u016bsu \u0113ku efektivit\u0101ti, funkcionalit\u0101ti [&hellip;]<\/p>","protected":false},"author":1,"featured_media":0,"parent":0,"menu_order":0,"comment_status":"closed","ping_status":"closed","template":"","meta":{"footnotes":""},"class_list":["post-426","page","type-page","status-publish","hentry"],"yoast_head":"<!-- This site is optimized with the Yoast SEO Premium plugin v23.2 (Yoast SEO v27.1.1) - https:\/\/yoast.com\/product\/yoast-seo-premium-wordpress\/ -->\n<title>Pakalpojumi<\/title>\n<meta name=\"description\" content=\"CITYPRO pied\u0101v\u0101 profesion\u0101lus \u0113ku uztur\u0113\u0161anas un moderniz\u0101cijas risin\u0101jumus, nodro\u0161inot augstas kvalit\u0101tes servisu.\" \/>\n<meta name=\"robots\" content=\"index, follow, max-snippet:-1, max-image-preview:large, max-video-preview:-1\" \/>\n<link rel=\"canonical\" href=\"https:\/\/www.citypro.lv\/en\/pakalpojumi\/\" \/>\n<meta property=\"og:locale\" content=\"en_GB\" \/>\n<meta property=\"og:type\" content=\"article\" \/>\n<meta property=\"og:title\" content=\"Pakalpojumi\" \/>\n<meta property=\"og:description\" content=\"CITYPRO pied\u0101v\u0101 profesion\u0101lus \u0113ku uztur\u0113\u0161anas un moderniz\u0101cijas risin\u0101jumus, nodro\u0161inot augstas kvalit\u0101tes servisu.\" \/>\n<meta property=\"og:url\" content=\"https:\/\/www.citypro.lv\/en\/pakalpojumi\/\" \/>\n<meta property=\"og:site_name\" content=\"CITYPRO\" \/>\n<meta property=\"article:modified_time\" content=\"2026-04-01T15:59:26+00:00\" \/>\n<meta name=\"twitter:card\" content=\"summary_large_image\" \/>\n<meta name=\"twitter:label1\" content=\"Estimated reading time\" \/>\n\t<meta name=\"twitter:data1\" content=\"1 minute\" \/>\n<script type=\"application\/ld+json\" class=\"yoast-schema-graph\">{\"@context\":\"https:\/\/schema.org\",\"@graph\":[{\"@type\":\"WebPage\",\"@id\":\"https:\/\/www.citypro.lv\/pakalpojumi\/\",\"url\":\"https:\/\/www.citypro.lv\/pakalpojumi\/\",\"name\":\"Pakalpojumi\",\"isPartOf\":{\"@id\":\"https:\/\/www.citypro.lv\/#website\"},\"datePublished\":\"2025-01-13T01:19:45+00:00\",\"dateModified\":\"2026-04-01T15:59:26+00:00\",\"description\":\"CITYPRO pied\u0101v\u0101 profesion\u0101lus \u0113ku uztur\u0113\u0161anas un moderniz\u0101cijas risin\u0101jumus, nodro\u0161inot augstas kvalit\u0101tes servisu.\",\"breadcrumb\":{\"@id\":\"https:\/\/www.citypro.lv\/pakalpojumi\/#breadcrumb\"},\"inLanguage\":\"en-GB\",\"potentialAction\":[{\"@type\":\"ReadAction\",\"target\":[\"https:\/\/www.citypro.lv\/pakalpojumi\/\"]}]},{\"@type\":\"BreadcrumbList\",\"@id\":\"https:\/\/www.citypro.lv\/pakalpojumi\/#breadcrumb\",\"itemListElement\":[{\"@type\":\"ListItem\",\"position\":1,\"name\":\"Home\",\"item\":\"https:\/\/www.citypro.lv\/\"},{\"@type\":\"ListItem\",\"position\":2,\"name\":\"Pakalpojumi\"}]},{\"@type\":\"WebSite\",\"@id\":\"https:\/\/www.citypro.lv\/#website\",\"url\":\"https:\/\/www.citypro.lv\/\",\"name\":\"CITYPRO\",\"description\":\"Fit-Out &amp; Property Solutions\",\"publisher\":{\"@id\":\"https:\/\/www.citypro.lv\/#organization\"},\"potentialAction\":[{\"@type\":\"SearchAction\",\"target\":{\"@type\":\"EntryPoint\",\"urlTemplate\":\"https:\/\/www.citypro.lv\/?s={search_term_string}\"},\"query-input\":{\"@type\":\"PropertyValueSpecification\",\"valueRequired\":true,\"valueName\":\"search_term_string\"}}],\"inLanguage\":\"en-GB\"},{\"@type\":\"Organization\",\"@id\":\"https:\/\/www.citypro.lv\/#organization\",\"name\":\"CityPro\",\"url\":\"https:\/\/www.citypro.lv\/\",\"logo\":{\"@type\":\"ImageObject\",\"inLanguage\":\"en-GB\",\"@id\":\"https:\/\/www.citypro.lv\/#\/schema\/logo\/image\/\",\"url\":\"https:\/\/www.citypro.lv\/wp-content\/uploads\/2025\/01\/citypro-logo-e1739870912380.png\",\"contentUrl\":\"https:\/\/www.citypro.lv\/wp-content\/uploads\/2025\/01\/citypro-logo-e1739870912380.png\",\"width\":415,\"height\":314,\"caption\":\"CityPro\"},\"image\":{\"@id\":\"https:\/\/www.citypro.lv\/#\/schema\/logo\/image\/\"},\"description\":\"CityPro pied\u0101v\u0101 pilna servisa risin\u0101jumus komerci\u0101lo \u0113ku uztur\u0113\u0161anai, nodro\u0161inot in\u017eeniertehnisko sist\u0113mu apkalpo\u0161anu, remontu un uzst\u0101d\u012b\u0161anu. M\u0113s realiz\u0113jam ar\u012b FIT-OUT projektus, piel\u0101gojot telpas klientu vajadz\u012bb\u0101m un radot funkcion\u0101lus, energoefekt\u012bvus risin\u0101jumus.\"}]}<\/script>\n<!-- \/ Yoast SEO Premium plugin. -->","yoast_head_json":{"title":"Pakalpojumi","description":"CITYPRO pied\u0101v\u0101 profesion\u0101lus \u0113ku uztur\u0113\u0161anas un moderniz\u0101cijas risin\u0101jumus, nodro\u0161inot augstas kvalit\u0101tes servisu.","robots":{"index":"index","follow":"follow","max-snippet":"max-snippet:-1","max-image-preview":"max-image-preview:large","max-video-preview":"max-video-preview:-1"},"canonical":"https:\/\/www.citypro.lv\/en\/pakalpojumi\/","og_locale":"en_GB","og_type":"article","og_title":"Pakalpojumi","og_description":"CITYPRO pied\u0101v\u0101 profesion\u0101lus \u0113ku uztur\u0113\u0161anas un moderniz\u0101cijas risin\u0101jumus, nodro\u0161inot augstas kvalit\u0101tes servisu.","og_url":"https:\/\/www.citypro.lv\/en\/pakalpojumi\/","og_site_name":"CITYPRO","article_modified_time":"2026-04-01T15:59:26+00:00","twitter_card":"summary_large_image","twitter_misc":{"Estimated reading time":"1 minute"},"schema":{"@context":"https:\/\/schema.org","@graph":[{"@type":"WebPage","@id":"https:\/\/www.citypro.lv\/pakalpojumi\/","url":"https:\/\/www.citypro.lv\/pakalpojumi\/","name":"Pakalpojumi","isPartOf":{"@id":"https:\/\/www.citypro.lv\/#website"},"datePublished":"2025-01-13T01:19:45+00:00","dateModified":"2026-04-01T15:59:26+00:00","description":"CITYPRO pied\u0101v\u0101 profesion\u0101lus \u0113ku uztur\u0113\u0161anas un moderniz\u0101cijas risin\u0101jumus, nodro\u0161inot augstas kvalit\u0101tes servisu.","breadcrumb":{"@id":"https:\/\/www.citypro.lv\/pakalpojumi\/#breadcrumb"},"inLanguage":"en-GB","potentialAction":[{"@type":"ReadAction","target":["https:\/\/www.citypro.lv\/pakalpojumi\/"]}]},{"@type":"BreadcrumbList","@id":"https:\/\/www.citypro.lv\/pakalpojumi\/#breadcrumb","itemListElement":[{"@type":"ListItem","position":1,"name":"Home","item":"https:\/\/www.citypro.lv\/"},{"@type":"ListItem","position":2,"name":"Pakalpojumi"}]},{"@type":"WebSite","@id":"https:\/\/www.citypro.lv\/#website","url":"https:\/\/www.citypro.lv\/","name":"CITYPRO","description":"Fit-Out &amp; Property Solutions","publisher":{"@id":"https:\/\/www.citypro.lv\/#organization"},"potentialAction":[{"@type":"SearchAction","target":{"@type":"EntryPoint","urlTemplate":"https:\/\/www.citypro.lv\/?s={search_term_string}"},"query-input":{"@type":"PropertyValueSpecification","valueRequired":true,"valueName":"search_term_string"}}],"inLanguage":"en-GB"},{"@type":"Organization","@id":"https:\/\/www.citypro.lv\/#organization","name":"CityPro","url":"https:\/\/www.citypro.lv\/","logo":{"@type":"ImageObject","inLanguage":"en-GB","@id":"https:\/\/www.citypro.lv\/#\/schema\/logo\/image\/","url":"https:\/\/www.citypro.lv\/wp-content\/uploads\/2025\/01\/citypro-logo-e1739870912380.png","contentUrl":"https:\/\/www.citypro.lv\/wp-content\/uploads\/2025\/01\/citypro-logo-e1739870912380.png","width":415,"height":314,"caption":"CityPro"},"image":{"@id":"https:\/\/www.citypro.lv\/#\/schema\/logo\/image\/"},"description":"CityPro pied\u0101v\u0101 pilna servisa risin\u0101jumus komerci\u0101lo \u0113ku uztur\u0113\u0161anai, nodro\u0161inot in\u017eeniertehnisko sist\u0113mu apkalpo\u0161anu, remontu un uzst\u0101d\u012b\u0161anu. M\u0113s realiz\u0113jam ar\u012b FIT-OUT projektus, piel\u0101gojot telpas klientu vajadz\u012bb\u0101m un radot funkcion\u0101lus, energoefekt\u012bvus risin\u0101jumus."}]}},"_links":{"self":[{"href":"https:\/\/www.citypro.lv\/en\/wp-json\/wp\/v2\/pages\/426","targetHints":{"allow":["GET"]}}],"collection":[{"href":"https:\/\/www.citypro.lv\/en\/wp-json\/wp\/v2\/pages"}],"about":[{"href":"https:\/\/www.citypro.lv\/en\/wp-json\/wp\/v2\/types\/page"}],"author":[{"embeddable":true,"href":"https:\/\/www.citypro.lv\/en\/wp-json\/wp\/v2\/users\/1"}],"replies":[{"embeddable":true,"href":"https:\/\/www.citypro.lv\/en\/wp-json\/wp\/v2\/comments?post=426"}],"version-history":[{"count":3,"href":"https:\/\/www.citypro.lv\/en\/wp-json\/wp\/v2\/pages\/426\/revisions"}],"predecessor-version":[{"id":1595,"href":"https:\/\/www.citypro.lv\/en\/wp-json\/wp\/v2\/pages\/426\/revisions\/1595"}],"wp:attachment":[{"href":"https:\/\/www.citypro.lv\/en\/wp-json\/wp\/v2\/media?parent=426"}],"curies":[{"name":"wp","href":"https:\/\/api.w.org\/{rel}","templated":true}]}}